{"id":44,"date":"2021-01-24T14:15:53","date_gmt":"2021-01-24T17:15:53","guid":{"rendered":"http:\/\/financasinfo.com\/?page_id=44"},"modified":"2021-01-24T14:15:53","modified_gmt":"2021-01-24T17:15:53","slug":"sobre-nos","status":"publish","type":"page","link":"https:\/\/financaemdia.online\/index.php\/sobre-nos\/","title":{"rendered":"Sobre N\u00f3s"},"content":{"rendered":"\n<p>Seja bem vindos, neste site, voc\u00ea encontrar\u00e1 tudo sobre os melhores cart\u00f5es de cr\u00e9dito do momento, muitas dicas de investimentos, como formas de aumentar seu Score e empr\u00e9stimos com as menores taxas do mercado e muito mais.<\/p>\n","protected":false},"excerpt":{"rendered":"<p>Seja bem vindos, neste site, voc\u00ea encontrar\u00e1 tudo sobre os melhores cart\u00f5es de cr\u00e9dito do momento, muitas dicas de investimentos,<\/p>\n","protected":false},"author":1,"featured_media":0,"parent":0,"menu_order":0,"comment_status":"closed","ping_status":"closed","template":"","meta":{"om_disable_all_campaigns":false,"_monsterinsights_skip_tracking":false,"_monsterinsights_sitenote_active":false,"_monsterinsights_sitenote_note":"","_monsterinsights_sitenote_category":0},"aioseo_notices":[],"_links":{"self":[{"href":"https:\/\/financaemdia.online\/index.php\/wp-json\/wp\/v2\/pages\/44"}],"collection":[{"href":"https:\/\/financaemdia.online\/index.php\/wp-json\/wp\/v2\/pages"}],"about":[{"href":"https:\/\/financaemdia.online\/index.php\/wp-json\/wp\/v2\/types\/page"}],"author":[{"embeddable":true,"href":"https:\/\/financaemdia.online\/index.php\/wp-json\/wp\/v2\/users\/1"}],"replies":[{"embeddable":true,"href":"https:\/\/financaemdia.online\/index.php\/wp-json\/wp\/v2\/comments?post=44"}],"version-history":[{"count":0,"href":"https:\/\/financaemdia.online\/index.php\/wp-json\/wp\/v2\/pages\/44\/revisions"}],"wp:attachment":[{"href":"https:\/\/financaemdia.online\/index.php\/wp-json\/wp\/v2\/media?parent=44"}],"curies":[{"name":"wp","href":"https:\/\/api.w.org\/{rel}","templated":true}]}}